{"id":25,"date":"2019-07-25T04:16:54","date_gmt":"2019-07-25T04:16:54","guid":{"rendered":"http:\/\/www.kiimala.fi\/?page_id=25"},"modified":"2024-10-18T08:41:27","modified_gmt":"2024-10-18T05:41:27","slug":"etusivu","status":"publish","type":"page","link":"https:\/\/www.kiimala.fi\/","title":{"rendered":"Etusivu"},"content":{"rendered":"\n<div style=\"height:80px\" aria-hidden=\"true\" class=\"wp-block-spacer\"><\/div>\n\n\n\n<p class=\"has-medium-font-size\">Tervetuloa Kiimalan tilan sivuille. Sivuilta l\u00f6yd\u00e4t tietoa tilasta, meill\u00e4 kasvatettavista kasveista ja el\u00e4imist\u00e4.  Lis\u00e4tietoja tilan toiminnasta ja toimintatavoista voit lukea blogista. <\/p>\n\n\n\n<div class=\"wp-block-cover aligncenter is-light\"><span aria-hidden=\"true\" class=\"wp-block-cover__background has-background-dim-10 has-background-dim\" style=\"background-color:#FFF\"><\/span><img loading=\"lazy\" decoding=\"async\" width=\"2560\" height=\"1440\" class=\"wp-block-cover__image-background wp-image-375\" alt=\"\" src=\"http:\/\/www.kiimala.fi\/wp-content\/uploads\/2024\/10\/6EF08A34-9437-43B3-BFA1-71E59A273EB5-scaled.jpeg\" data-object-fit=\"cover\" srcset=\"https:\/\/www.kiimala.fi\/wp-content\/uploads\/2024\/10\/6EF08A34-9437-43B3-BFA1-71E59A273EB5-scaled.jpeg 2560w, https:\/\/www.kiimala.fi\/wp-content\/uploads\/2024\/10\/6EF08A34-9437-43B3-BFA1-71E59A273EB5-300x169.jpeg 300w, https:\/\/www.kiimala.fi\/wp-content\/uploads\/2024\/10\/6EF08A34-9437-43B3-BFA1-71E59A273EB5-1024x576.jpeg 1024w, https:\/\/www.kiimala.fi\/wp-content\/uploads\/2024\/10\/6EF08A34-9437-43B3-BFA1-71E59A273EB5-768x432.jpeg 768w, https:\/\/www.kiimala.fi\/wp-content\/uploads\/2024\/10\/6EF08A34-9437-43B3-BFA1-71E59A273EB5-1536x864.jpeg 1536w, https:\/\/www.kiimala.fi\/wp-content\/uploads\/2024\/10\/6EF08A34-9437-43B3-BFA1-71E59A273EB5-2048x1152.jpeg 2048w\" sizes=\"(max-width: 2560px) 100vw, 2560px\" \/><div class=\"wp-block-cover__inner-container is-layout-flow wp-block-cover-is-layout-flow\">\n<p class=\"has-text-align-left has-large-font-size\"><\/p>\n<\/div><\/div>\n\n\n\n<hr class=\"wp-block-separator has-css-opacity\"\/>\n\n\n\n<p><\/p>\n","protected":false},"excerpt":{"rendered":"<p>Tervetuloa Kiimalan tilan sivuille. Sivuilta l\u00f6yd\u00e4t tietoa tilasta, meill\u00e4 kasvatettavista kasveista ja el\u00e4imist\u00e4. Lis\u00e4tietoja tilan toiminnasta ja toimintatavoista voit lukea blogista.<\/p>\n","protected":false},"author":1,"featured_media":0,"parent":0,"menu_order":1,"comment_status":"closed","ping_status":"closed","template":"","meta":{"neve_meta_sidebar":"full-width","neve_meta_container":"","neve_meta_enable_content_width":"on","neve_meta_content_width":75,"neve_meta_title_alignment":"","neve_meta_author_avatar":"","neve_post_elements_order":"","neve_meta_disable_header":"","neve_meta_disable_footer":"","neve_meta_disable_title":"on","footnotes":""},"class_list":["post-25","page","type-page","status-publish","hentry"],"_links":{"self":[{"href":"https:\/\/www.kiimala.fi\/index.php\/wp-json\/wp\/v2\/pages\/25"}],"collection":[{"href":"https:\/\/www.kiimala.fi\/index.php\/wp-json\/wp\/v2\/pages"}],"about":[{"href":"https:\/\/www.kiimala.fi\/index.php\/wp-json\/wp\/v2\/types\/page"}],"author":[{"embeddable":true,"href":"https:\/\/www.kiimala.fi\/index.php\/wp-json\/wp\/v2\/users\/1"}],"replies":[{"embeddable":true,"href":"https:\/\/www.kiimala.fi\/index.php\/wp-json\/wp\/v2\/comments?post=25"}],"version-history":[{"count":51,"href":"https:\/\/www.kiimala.fi\/index.php\/wp-json\/wp\/v2\/pages\/25\/revisions"}],"predecessor-version":[{"id":382,"href":"https:\/\/www.kiimala.fi\/index.php\/wp-json\/wp\/v2\/pages\/25\/revisions\/382"}],"wp:attachment":[{"href":"https:\/\/www.kiimala.fi\/index.php\/wp-json\/wp\/v2\/media?parent=25"}],"curies":[{"name":"wp","href":"https:\/\/api.w.org\/{rel}","templated":true}]}}