{"id":19,"date":"2019-07-24T05:33:20","date_gmt":"2019-07-24T05:33:20","guid":{"rendered":"http:\/\/www.kiimala.fi\/?page_id=19"},"modified":"2021-07-22T04:57:07","modified_gmt":"2021-07-22T04:57:07","slug":"dexter","status":"publish","type":"page","link":"https:\/\/www.kiimala.fi\/index.php\/dexter\/","title":{"rendered":"Dexter"},"content":{"rendered":"\n<p>Dexter on Irlantilainen lihakarjarotu, jonka huomiotaher\u00e4tt\u00e4vin ominaisuus on sen pieni koko. Siin\u00e4 miss\u00e4 esimerkiksi Hereford-emolehm\u00e4 painaa 700-800 kg, on Dexter-emolehm\u00e4n paino vain noin 350 kg. Koska kokemukseni muista nautaroduista asettuu rajallisen ja olemattoman v\u00e4limaastoon, en osaa vertailla Dexteri\u00e4 ominaisuuksiltaan muihin rotuihin. Voin kuitenkin kertoa omia kokemuksiani.<\/p>\n\n\n\n<p>Dexter lehm\u00e4t ovat uteliaita mutta arkoja. Alun yrityksist\u00e4 huolimatta, emme ole onnistuneet totuttamaan yht\u00e4k\u00e4\u00e4n lehm\u00e4\u00e4 rapsutteluet\u00e4isyyteen. Siitossonnia voi rapsutella, mutta juuri silloin kuin se sille sopii. Suomen olosuhteita lehm\u00e4t siet\u00e4v\u00e4t hyvin. Talven l\u00e4hestyess\u00e4 niille kasvaa pitk\u00e4 karva, joka vaikuttaa suojaavan pakkaselta hyvin. T\u00e4m\u00e4 ominaisuus on toki ihmist\u00e4 lukuun ottamatta nis\u00e4kk\u00e4iden joukossa yleinen. Dexterit ovat my\u00f6s vahvaluonteisia. Meill\u00e4 on laumassa muutama Hereford-Galloway risteytys, eiv\u00e4tk\u00e4 ne suuremmasta koostaan huolimatta ole p\u00e4\u00e4sseet laumahierarkian k\u00e4rkipaikoille. Dexterit hoitavat vasikkansa hyvin ja joskus sairaan vasikan saattaakin erottaa v\u00e4syneest\u00e4 vasikasta siit\u00e4, ett\u00e4 sairaan vieress\u00e4 seisoo huutava lehm\u00e4.<\/p>\n\n\n\n<p>K\u00e4sitt\u00e4\u00e4kseni alalle on erimielisyytt\u00e4 siit\u00e4, mink\u00e4 verran naudan rotu vaikuttaa lihan makuun tai koostumukseen. Minusta Dexterin liha on vahvan punaista ja hivenen riistamaista. Rodun lis\u00e4ksi muita makuun vaikuttavia tekij\u00f6it\u00e4 voi olla 100% karkearehuruokinta (hein\u00e4, nurmi), laidunnus ja merkitt\u00e4v\u00e4sti suuremmat sis\u00e4- ja ulkotilat.  <\/p>\n\n\n\n<p><\/p>\n","protected":false},"excerpt":{"rendered":"<p>Dexter on Irlantilainen lihakarjarotu, jonka huomiotaher\u00e4tt\u00e4vin ominaisuus on sen pieni koko. Siin\u00e4 miss\u00e4 esimerkiksi Hereford-emolehm\u00e4 painaa 700-800 kg, on Dexter-emolehm\u00e4n paino vain noin 350 kg. Koska kokemukseni muista nautaroduista asettuu rajallisen ja olemattoman v\u00e4limaastoon, en osaa vertailla Dexteri\u00e4 ominaisuuksiltaan muihin rotuihin. Voin kuitenkin kertoa omia kokemuksiani. Dexter lehm\u00e4t ovat uteliaita mutta arkoja. Alun yrityksist\u00e4 huolimatta,&hellip;&nbsp;<a href=\"https:\/\/www.kiimala.fi\/index.php\/dexter\/\" class=\"\" rel=\"bookmark\">Lue lis\u00e4\u00e4 &raquo;<span class=\"screen-reader-text\">Dexter<\/span><\/a><\/p>\n","protected":false},"author":1,"featured_media":0,"parent":0,"menu_order":1,"comment_status":"closed","ping_status":"closed","template":"","meta":{"neve_meta_sidebar":"","neve_meta_container":"","neve_meta_enable_content_width":"off","neve_meta_content_width":0,"neve_meta_title_alignment":"","neve_meta_author_avatar":"","neve_post_elements_order":"","neve_meta_disable_header":"","neve_meta_disable_footer":"","neve_meta_disable_title":"","footnotes":""},"class_list":["post-19","page","type-page","status-publish","hentry"],"_links":{"self":[{"href":"https:\/\/www.kiimala.fi\/index.php\/wp-json\/wp\/v2\/pages\/19"}],"collection":[{"href":"https:\/\/www.kiimala.fi\/index.php\/wp-json\/wp\/v2\/pages"}],"about":[{"href":"https:\/\/www.kiimala.fi\/index.php\/wp-json\/wp\/v2\/types\/page"}],"author":[{"embeddable":true,"href":"https:\/\/www.kiimala.fi\/index.php\/wp-json\/wp\/v2\/users\/1"}],"replies":[{"embeddable":true,"href":"https:\/\/www.kiimala.fi\/index.php\/wp-json\/wp\/v2\/comments?post=19"}],"version-history":[{"count":3,"href":"https:\/\/www.kiimala.fi\/index.php\/wp-json\/wp\/v2\/pages\/19\/revisions"}],"predecessor-version":[{"id":336,"href":"https:\/\/www.kiimala.fi\/index.php\/wp-json\/wp\/v2\/pages\/19\/revisions\/336"}],"wp:attachment":[{"href":"https:\/\/www.kiimala.fi\/index.php\/wp-json\/wp\/v2\/media?parent=19"}],"curies":[{"name":"wp","href":"https:\/\/api.w.org\/{rel}","templated":true}]}}